{"id":674,"date":"2020-07-11T17:38:39","date_gmt":"2020-07-11T21:38:39","guid":{"rendered":"http:\/\/www.planetem.com\/?page_id=674"},"modified":"2022-08-09T13:19:20","modified_gmt":"2022-08-09T17:19:20","slug":"apply-now","status":"publish","type":"page","link":"https:\/\/mobifone.ca\/fr\/apply-now\/","title":{"rendered":"POSTULER"},"content":{"rendered":"\t\t<div data-elementor-type=\"wp-page\" data-elementor-id=\"674\" class=\"elementor elementor-674\">\n\t\t\t\t\t\t<section class=\"elementor-section elementor-top-section elementor-element elementor-element-219109b elementor-section-boxed elementor-section-height-default elementor-section-height-default\" data-id=\"219109b\" data-element_type=\"section\" data-e-type=\"section\">\n\t\t\t\t\t\t<div class=\"elementor-container elementor-column-gap-default\">\n\t\t\t\t\t<div class=\"elementor-column elementor-col-100 elementor-top-column elementor-element elementor-element-8eff344\" data-id=\"8eff344\" data-element_type=\"column\" data-e-type=\"column\">\n\t\t\t<div class=\"elementor-widget-wrap elementor-element-populated\">\n\t\t\t\t\t\t<div class=\"elementor-element elementor-element-da1d150 eael-gravity-form-button-custom elementor-widget elementor-widget-eael-gravity-form\" data-id=\"da1d150\" data-element_type=\"widget\" data-e-type=\"widget\" data-no-translation=\"\" data-widget_type=\"eael-gravity-form.default\">\n\t\t\t\t<div class=\"elementor-widget-container\">\n\t\t\t\t\t<style>.elementor-element-da1d150{display:none !important}<\/style>\t\t\t\t<\/div>\n\t\t\t\t<\/div>\n\t\t\t\t\t<\/div>\n\t\t<\/div>\n\t\t\t\t\t<\/div>\n\t\t<\/section>\n\t\t\t\t<section class=\"elementor-section elementor-top-section elementor-element elementor-element-be58f32 elementor-section-boxed elementor-section-height-default elementor-section-height-default\" data-id=\"be58f32\" data-element_type=\"section\" data-e-type=\"section\">\n\t\t\t\t\t\t<div class=\"elementor-container elementor-column-gap-default\">\n\t\t\t\t\t<div class=\"elementor-column elementor-col-100 elementor-top-column elementor-element elementor-element-2ff360d\" data-id=\"2ff360d\" data-element_type=\"column\" data-e-type=\"column\">\n\t\t\t<div class=\"elementor-widget-wrap elementor-element-populated\">\n\t\t\t\t\t\t<div class=\"elementor-element elementor-element-6951d49 eael-gravity-form-button-custom elementor-widget elementor-widget-eael-gravity-form\" data-id=\"6951d49\" data-element_type=\"widget\" data-e-type=\"widget\" data-widget_type=\"eael-gravity-form.default\">\n\t\t\t\t<div class=\"elementor-widget-container\">\n\t\t\t\t\t\t\t\t<div class=\"eael-contact-form eael-gravity-form eael-contact-form-align-default\">\n\t\t        \n                <div class='gf_browser_gecko gform_wrapper' id='gform_wrapper_11' ><form method='post' enctype='multipart\/form-data'  id='gform_11'  action='\/fr\/wp-json\/wp\/v2\/pages\/674'>\n                        <div class='gform_heading'>\n                            <h3 class='gform_title'>POSTULER<\/h3>\n                            <span class='gform_description'>*indique les champs obligatoires<\/span>\n                        <\/div>\n                        <div class='gform_body'><ul id='gform_fields_11' class='gform_fields top_label form_sublabel_below description_below'><li id='field_11_11'  class='gfield field_sublabel_below field_description_below gfield_visibility_visible' ><label class='gfield_label'  >Types d&#039;emploi<\/label><div class='ginput_container ginput_container_checkbox'><ul class='gfield_checkbox' id='input_11_11'><li class='gchoice_11_11_1'>\n\t\t\t\t\t\t\t\t<input name='input_11.1' type='checkbox'  value='REPR\u00c9SENTANT(E)S , VENTES CORPORATIVES'  id='choice_11_11_1'   \/>\n\t\t\t\t\t\t\t\t<label for='choice_11_11_1' id='label_11_11_1'>REPR\u00c9SENTANT(E)S , VENTES CORPORATIVES<\/label>\n\t\t\t\t\t\t\t<\/li><li class='gchoice_11_11_2'>\n\t\t\t\t\t\t\t\t<input name='input_11.2' type='checkbox'  value='REPR\u00c9SENTANT(E)S, VENTES INTERNES'  id='choice_11_11_2'   \/>\n\t\t\t\t\t\t\t\t<label for='choice_11_11_2' id='label_11_11_2'>REPR\u00c9SENTANT(E)S, VENTES INTERNES<\/label>\n\t\t\t\t\t\t\t<\/li><\/ul><\/div><\/li><li id='field_11_9'  class='gfield gfield_contains_required field_sublabel_below field_description_below gfield_visibility_visible' ><label class='gfield_label' for='input_11_9' >Nom<span class='gfield_required'>*<\/span><\/label><div class='ginput_container ginput_container_text'><input name='input_9' id='input_11_9' type='text' value='' class='small'     aria-required=\"true\" aria-invalid=\"false\" \/><\/div><\/li><li id='field_11_4'  class='gfield gfield_contains_required field_sublabel_below field_description_below gfield_visibility_visible' ><label class='gfield_label' for='input_11_4' >Adresse courriel<span class='gfield_required'>*<\/span><\/label><div class='ginput_container ginput_container_email'>\n                            <input name='input_4' id='input_11_4' type='text' value='' class='small'    aria-required=\"true\" aria-invalid=\"false\" \/>\n                        <\/div><\/li><li id='field_11_5'  class='gfield gfield_contains_required field_sublabel_below field_description_below gfield_visibility_visible' ><label class='gfield_label' for='input_11_5' >Num\u00e9ro de t\u00e9l\u00e9phone<span class='gfield_required'>*<\/span><\/label><div class='ginput_container ginput_container_phone'><input name='input_5' id='input_11_5' type='text' value='' class='small'   aria-required=\"true\" aria-invalid=\"false\"  \/><\/div><\/li><li id='field_11_7'  class='gfield field_sublabel_below field_description_below gfield_visibility_visible' ><label class='gfield_label' for='input_11_7' >Text\/Curriculum vitae<\/label><div class='ginput_container ginput_container_textarea'><textarea name='input_7' id='input_11_7' class='textarea small'  aria-describedby=\"gfield_description_11_7\"    aria-invalid=\"false\"   rows='10' cols='50'><\/textarea><\/div><div class='gfield_description' id='gfield_description_11_7'>Vous n'avez pas \u00e0 remplir cette case si vous joignez votre CV ci-dessous.<\/div><\/li><li id='field_11_8'  class='gfield field_sublabel_below field_description_below gfield_visibility_visible' ><label class='gfield_label' for='input_11_8' >T\u00e9l\u00e9charger votre document<\/label><div class='ginput_container ginput_container_fileupload'><input type='hidden' name='MAX_FILE_SIZE' value='536870912' \/><input name='input_8' id='input_11_8' type='file' class='medium' aria-describedby='validation_message_11_8 live_validation_message_11_8 extensions_message_11_8' onchange='javascript:gformValidateFileSize( this, 536870912 );'  \/><span id='extensions_message_11_8' class='screen-reader-text'><\/span><div class='validation_message' id='live_validation_message_11_8'><\/div><\/div><\/li><li id='field_11_6'  class='gfield field_sublabel_below field_description_below gfield_visibility_visible' ><label class='gfield_label' for='input_11_6' >Commentaires<\/label><div class='ginput_container ginput_container_textarea'><textarea name='input_6' id='input_11_6' class='textarea small'      aria-invalid=\"false\"   rows='10' cols='50'><\/textarea><\/div><\/li>\n                            <\/ul><\/div>\n        <div class='gform_footer top_label'> <input type='submit' id='gform_submit_button_11' class='gform_button button' value='SOUMETTRE'  onclick='if(window[\"gf_submitting_11\"]){return false;}  window[\"gf_submitting_11\"]=true;  ' onkeypress='if( event.keyCode == 13 ){ if(window[\"gf_submitting_11\"]){return false;} window[\"gf_submitting_11\"]=true;  jQuery(\"#gform_11\").trigger(\"submit\",[true]); }' \/> \n            <input type='hidden' class='gform_hidden' name='is_submit_11' value='1' \/>\n            <input type='hidden' class='gform_hidden' name='gform_submit' value='11' \/>\n            \n            <input type='hidden' class='gform_hidden' name='gform_unique_id' value='' \/>\n            <input type='hidden' class='gform_hidden' name='state_11' value='WyJbXSIsIjEzYzcwYTllNWE0YzcwOGQ5OWI2OTA4YmE3NTM2MjE5Il0=' \/>\n            <input type='hidden' class='gform_hidden' name='gform_target_page_number_11' id='gform_target_page_number_11' value='0' \/>\n            <input type='hidden' class='gform_hidden' name='gform_source_page_number_11' id='gform_source_page_number_11' value='1' \/>\n            <input type='hidden' name='gform_field_values' value='' \/>\n            \n        <\/div>\n                        <\/form>\n                        <\/div><script type='text\/javascript'> jQuery(document).bind('gform_post_render', function(event, formId, currentPage){if(formId == 11) {jQuery('#input_11_5').mask('(999) 999-9999').bind('keypress', function(e){if(e.which == 13){jQuery(this).blur();} } );} } );jQuery(document).bind('gform_post_conditional_logic', function(event, formId, fields, isInit){} );<\/script><script type='text\/javascript'> jQuery(document).ready(function(){jQuery(document).trigger('gform_post_render', [11, 1]) } ); <\/script>\t\t\t<\/div>\n\n            <script type=\"text\/javascript\">\n                var gf_global = {\"gf_currency_config\":{\"name\":\"Dollar canadien\",\"symbol_left\":\"$\",\"symbol_right\":\"CAD\",\"symbol_padding\":\" \",\"thousand_separator\":\",\",\"decimal_separator\":\".\",\"decimals\":2},\"base_url\":\"https:\\\/\\\/mobifone.ca\\\/wp-content\\\/plugins\\\/gravityforms\",\"number_formats\":[],\"spinnerUrl\":\"https:\\\/\\\/mobifone.ca\\\/wp-content\\\/plugins\\\/gravityforms\\\/images\\\/spinner.gif\"};\t\t\t\tvar gf_vars = {\"active\":\"Actif\",\"inactive\":\"Inactif\",\"save\":\"Enregistrer\",\"update\":\"Mettre \\u00e0 jour\",\"previousLabel\":\"Pr\\u00e9c\\u00e9dent\",\"selectFormat\":\"S\\u00e9lectionnez un format\",\"editToViewAll\":\"5 \\u00e9l\\u00e9ments sur %d affich\\u00e9s. Modifiez le champ pour tout afficher.\",\"enterValue\":\"Saisir une valeur\",\"formTitle\":\"Formulaire sans titre\",\"formDescription\":\"N\\u2019h\\u00e9sitez pas \\u00e0 communiquer avec nous! Veuillez remplir ce formulaire et nous vous r\\u00e9pondrons dans les plus brefs d\\u00e9lais.\",\"formConfirmationMessage\":\"Merci de nous avoir contact\\u00e9s! Nous vous r\\u00e9pondrons dans les plus brefs d\\u00e9lais.\",\"buttonText\":\"Envoyer\",\"loading\":\"Chargement...\",\"thisFieldIf\":\"ce champ si\",\"thisSectionIf\":\"cette section si\",\"thisPage\":\"cette page\",\"thisFormButton\":\"ce bouton de formulaire si\",\"show\":\"Afficher\",\"hide\":\"Masquer\",\"all\":\"Tous\",\"any\":\"Certains\",\"ofTheFollowingMatch\":\"l(d)es crit\\u00e8res suivants correspondent :\",\"is\":\"est\",\"isNot\":\"n\\u2019est pas\",\"greaterThan\":\"plus grand que\",\"lessThan\":\"plus petit que\",\"contains\":\"contient\",\"startsWith\":\"commence avec\",\"endsWith\":\"finit avec\",\"emptyChoice\":\"Vide (aucun choix s\\u00e9lectionn\\u00e9)\",\"thisConfirmation\":\"Utiliser cette confirmation si\",\"thisNotification\":\"Envoyer cette notification si\",\"confirmationSave\":\"Enregistrer\",\"confirmationSaving\":\"Enregistrement...\",\"confirmationAreYouSure\":\"Voulez-vous vraiment annuler ces modifications?\",\"confirmationIssueSaving\":\"Une erreur s\\u2019est produite lors de l\\u2019enregistrement de la confirmation.\",\"confirmationConfirmDelete\":\"Voulez-vous vraiment supprimer cette confirmation?\",\"confirmationIssueDeleting\":\"Une erreur s\\u2019est produite lors de la suppression de la confirmation.\",\"confirmationConfirmDiscard\":\"Les changements apport\\u00e9s \\u00e0 cette confirmation n\\u2019ont pas \\u00e9t\\u00e9 enregistr\\u00e9s. Voulez-vous vraiment annuler ces changements?\",\"confirmationDefaultName\":\"Confirmation sans titre\",\"confirmationDefaultMessage\":\"Merci de nous avoir contact\\u00e9s! Nous vous r\\u00e9pondrons dans les plus brefs d\\u00e9lais.\",\"confirmationInvalidPageSelection\":\"Veuillez s\\u00e9lectionner une page.\",\"confirmationInvalidRedirect\":\"Veuillez saisir une URL.\",\"confirmationInvalidName\":\"Veuillez saisir un nom pour la confirmation.\",\"confirmationDeleteField\":\"Avertissement ! La suppression de ce champ entra\\u00eenera la suppression de toutes les donn\\u00e9es qui y sont associ\\u00e9es. \\u00ab OK \\u00bb pour supprimer, \\u00ab Annuler \\u00bb pour arr\\u00eater.\",\"conditionalLogicDependency\":\"Avertissement ! Ce formulaire contient une logique conditionnelle d\\u00e9pendant de ce champ. La suppression de ce champ d\\u00e9sactivera ces r\\u00e8gles de logique conditionnelle et supprimera aussi toutes les entr\\u00e9es de donn\\u00e9es associ\\u00e9es avec ce champ. \\u00ab\\u00a0OK\\u00a0\\u00bb pour supprimer, \\u00ab\\u00a0Annuler\\u00a0\\u00bb pour abandonner.\",\"conditionalLogicDependencyChoice\":\"Ce formulaire comporte des logiques conditionnelles qui d\\u00e9pendent de ce choix. Voulez-vous malgr\\u00e9 tout supprimer ce choix ? \\u00ab\\u00a0OK\\u00a0\\u00bb pour supprimer, \\u00ab\\u00a0Annuler\\u00a0\\u00bb pour abandonner.\",\"conditionalLogicDependencyChoiceEdit\":\"Ce formulaire comporte des logiques conditionnelles qui d\\u00e9pendent de ce choix. Voulez-vous malgr\\u00e9 tout modifier ce choix ? \\u00ab\\u00a0OK\\u00a0\\u00bb pour supprimer, \\u00ab\\u00a0Annuler\\u00a0\\u00bb pour abandonner.\",\"conditionalLogicDependencyAdminOnly\":\"Ce formulaire comporte des logiques conditionnelles qui d\\u00e9pendent de ce champ. Voulez-vous malgr\\u00e9 tout supprimer ce champ ? \\u00ab\\u00a0OK\\u00a0\\u00bb pour supprimer, \\u00ab\\u00a0Annuler\\u00a0\\u00bb pour abandonner.\",\"mergeTagsTooltip\":\"<h6>Fusion de balises<\\\/h6>Les fusions de balises vous permettent de renseigner dynamiquement des valeurs de champ dans le contenu du formulaire partout o\\u00f9 l\\u2019ic\\u00f4ne fusion de balise est pr\\u00e9sente.\",\"baseUrl\":\"https:\\\/\\\/mobifone.ca\\\/wp-content\\\/plugins\\\/gravityforms\",\"gf_currency_config\":{\"name\":\"Dollar canadien\",\"symbol_left\":\"$\",\"symbol_right\":\"CAD\",\"symbol_padding\":\" \",\"thousand_separator\":\",\",\"decimal_separator\":\".\",\"decimals\":2},\"otherChoiceValue\":\"Autre\",\"isFormTrash\":false,\"currentlyAddingField\":false,\"visibilityOptions\":[{\"label\":\"Visible\",\"value\":\"visible\",\"description\":\"Option par d\\u00e9faut. Ce champ est visible quand le formulaire est affich\\u00e9.\"},{\"label\":\"Masqu\\u00e9\",\"value\":\"hidden\",\"description\":\"Ce champ est masqu\\u00e9 quand le formulaire est affich\\u00e9. Utile si vous avez besoin de la fonctionnalit\\u00e9 de ce champ mais que vous ne voulez pas que l\\u2019utilisateur puisse le voir.\"},{\"label\":\"Administration\",\"value\":\"administrative\",\"description\":\"Ce champ est visible uniquement pendant l\\u2019administration des entr\\u00e9es envoy\\u00e9es. Ce champ n\\u2019est pas visible ou fonctionnel lorsque le formulaire est vu.\"}],\"addFieldFilter\":\"Ajouter une condition\",\"removeFieldFilter\":\"Retirer une condition\",\"filterAndAny\":\"Inclure les r\\u00e9sultats si {0} correspond:\",\"customChoices\":\"Choix personnalis\\u00e9s\",\"predefinedChoices\":\"Choix pr\\u00e9d\\u00e9finis\",\"nameFieldDefaultPrefixes\":[{\"text\":\"Dr\",\"value\":\"Dr\"},{\"text\":\"M.\",\"value\":\"M.\"},{\"text\":\"Mlle\",\"value\":\"Mlle\"},{\"text\":\"Mme\",\"value\":\"Mme\"},{\"text\":\"Prof.\",\"value\":\"Prof.\"},{\"text\":\"Rev.\",\"value\":\"Rev.\"}]};\t\t\t<\/script>\n            \t\t\t\t<\/div>\n\t\t\t\t<\/div>\n\t\t\t\t\t<\/div>\n\t\t<\/div>\n\t\t\t\t\t<\/div>\n\t\t<\/section>\n\t\t\t\t<\/div>\n\t\t","protected":false},"excerpt":{"rendered":"<p>POSTULER *indique les champs obligatoires Types d&#039;emploi REPR\u00c9SENTANT(E)S , VENTES CORPORATIVES REPR\u00c9SENTANT(E)S, VENTES INTERNES Nom* Adresse courriel* Num\u00e9ro de t\u00e9l\u00e9phone* Text\/Curriculum vitaeVous n&#8217;avez pas \u00e0&hellip;<\/p>","protected":false},"author":1,"featured_media":0,"parent":0,"menu_order":0,"comment_status":"closed","ping_status":"closed","template":"","meta":{"footnotes":""},"class_list":["post-674","page","type-page","status-publish","hentry"],"yoast_head":"<!-- This site is optimized with the Yoast SEO plugin v27.4 - https:\/\/yoast.com\/product\/yoast-seo-wordpress\/ -->\n<title>APPLY NOW - Mobifone<\/title>\n<meta name=\"robots\" content=\"index, follow, max-snippet:-1, max-image-preview:large, max-video-preview:-1\" \/>\n<link rel=\"canonical\" href=\"https:\/\/mobifone.ca\/fr\/apply-now\/\" \/>\n<meta property=\"og:locale\" content=\"fr_CA\" \/>\n<meta property=\"og:type\" content=\"article\" \/>\n<meta property=\"og:title\" content=\"APPLY NOW - Mobifone\" \/>\n<meta property=\"og:description\" content=\"POSTULER *indique les champs obligatoires Types d&#039;emploi REPR\u00c9SENTANT(E)S , VENTES CORPORATIVES REPR\u00c9SENTANT(E)S, VENTES INTERNES Nom* Adresse courriel* Num\u00e9ro de t\u00e9l\u00e9phone* Text\/Curriculum vitaeVous n&#8217;avez pas \u00e0&hellip;\" \/>\n<meta property=\"og:url\" content=\"https:\/\/mobifone.ca\/fr\/apply-now\/\" \/>\n<meta property=\"og:site_name\" content=\"Mobifone\" \/>\n<meta property=\"article:publisher\" content=\"https:\/\/www.facebook.com\/planetemobile\" \/>\n<meta property=\"article:modified_time\" content=\"2022-08-09T17:19:20+00:00\" \/>\n<meta name=\"twitter:card\" content=\"summary_large_image\" \/>\n<meta name=\"twitter:label1\" content=\"Estimation du temps de lecture\" \/>\n\t<meta name=\"twitter:data1\" content=\"1 minute\" \/>\n<script type=\"application\/ld+json\" class=\"yoast-schema-graph\">{\"@context\":\"https:\\\/\\\/schema.org\",\"@graph\":[{\"@type\":\"WebPage\",\"@id\":\"https:\\\/\\\/mobifone.ca\\\/apply-now\\\/\",\"url\":\"https:\\\/\\\/mobifone.ca\\\/apply-now\\\/\",\"name\":\"APPLY NOW - Mobifone\",\"isPartOf\":{\"@id\":\"https:\\\/\\\/planetem.xyz\\\/#website\"},\"datePublished\":\"2020-07-11T21:38:39+00:00\",\"dateModified\":\"2022-08-09T17:19:20+00:00\",\"breadcrumb\":{\"@id\":\"https:\\\/\\\/mobifone.ca\\\/apply-now\\\/#breadcrumb\"},\"inLanguage\":\"fr-CA\",\"potentialAction\":[{\"@type\":\"ReadAction\",\"target\":[\"https:\\\/\\\/mobifone.ca\\\/apply-now\\\/\"]}]},{\"@type\":\"BreadcrumbList\",\"@id\":\"https:\\\/\\\/mobifone.ca\\\/apply-now\\\/#breadcrumb\",\"itemListElement\":[{\"@type\":\"ListItem\",\"position\":1,\"name\":\"Home\",\"item\":\"https:\\\/\\\/planetem.xyz\\\/\"},{\"@type\":\"ListItem\",\"position\":2,\"name\":\"APPLY NOW\"}]},{\"@type\":\"WebSite\",\"@id\":\"https:\\\/\\\/planetem.xyz\\\/#website\",\"url\":\"https:\\\/\\\/planetem.xyz\\\/\",\"name\":\"Mobifone\",\"description\":\"\",\"publisher\":{\"@id\":\"https:\\\/\\\/planetem.xyz\\\/#organization\"},\"potentialAction\":[{\"@type\":\"SearchAction\",\"target\":{\"@type\":\"EntryPoint\",\"urlTemplate\":\"https:\\\/\\\/planetem.xyz\\\/?s={search_term_string}\"},\"query-input\":{\"@type\":\"PropertyValueSpecification\",\"valueRequired\":true,\"valueName\":\"search_term_string\"}}],\"inLanguage\":\"fr-CA\"},{\"@type\":\"Organization\",\"@id\":\"https:\\\/\\\/planetem.xyz\\\/#organization\",\"name\":\"Planete Mobile\",\"url\":\"https:\\\/\\\/planetem.xyz\\\/\",\"logo\":{\"@type\":\"ImageObject\",\"inLanguage\":\"fr-CA\",\"@id\":\"https:\\\/\\\/planetem.xyz\\\/#\\\/schema\\\/logo\\\/image\\\/\",\"url\":\"\",\"contentUrl\":\"\",\"caption\":\"Planete Mobile\"},\"image\":{\"@id\":\"https:\\\/\\\/planetem.xyz\\\/#\\\/schema\\\/logo\\\/image\\\/\"},\"sameAs\":[\"https:\\\/\\\/www.facebook.com\\\/planetemobile\",\"https:\\\/\\\/www.linkedin.com\\\/company\\\/1627281\"]}]}<\/script>\n<!-- \/ Yoast SEO plugin. -->","yoast_head_json":{"title":"APPLY NOW - Mobifone","robots":{"index":"index","follow":"follow","max-snippet":"max-snippet:-1","max-image-preview":"max-image-preview:large","max-video-preview":"max-video-preview:-1"},"canonical":"https:\/\/mobifone.ca\/fr\/apply-now\/","og_locale":"fr_CA","og_type":"article","og_title":"APPLY NOW - Mobifone","og_description":"POSTULER *indique les champs obligatoires Types d&#039;emploi REPR\u00c9SENTANT(E)S , VENTES CORPORATIVES REPR\u00c9SENTANT(E)S, VENTES INTERNES Nom* Adresse courriel* Num\u00e9ro de t\u00e9l\u00e9phone* Text\/Curriculum vitaeVous n&#8217;avez pas \u00e0&hellip;","og_url":"https:\/\/mobifone.ca\/fr\/apply-now\/","og_site_name":"Mobifone","article_publisher":"https:\/\/www.facebook.com\/planetemobile","article_modified_time":"2022-08-09T17:19:20+00:00","twitter_card":"summary_large_image","twitter_misc":{"Estimation du temps de lecture":"1 minute"},"schema":{"@context":"https:\/\/schema.org","@graph":[{"@type":"WebPage","@id":"https:\/\/mobifone.ca\/apply-now\/","url":"https:\/\/mobifone.ca\/apply-now\/","name":"APPLY NOW - Mobifone","isPartOf":{"@id":"https:\/\/planetem.xyz\/#website"},"datePublished":"2020-07-11T21:38:39+00:00","dateModified":"2022-08-09T17:19:20+00:00","breadcrumb":{"@id":"https:\/\/mobifone.ca\/apply-now\/#breadcrumb"},"inLanguage":"fr-CA","potentialAction":[{"@type":"ReadAction","target":["https:\/\/mobifone.ca\/apply-now\/"]}]},{"@type":"BreadcrumbList","@id":"https:\/\/mobifone.ca\/apply-now\/#breadcrumb","itemListElement":[{"@type":"ListItem","position":1,"name":"Home","item":"https:\/\/planetem.xyz\/"},{"@type":"ListItem","position":2,"name":"APPLY NOW"}]},{"@type":"WebSite","@id":"https:\/\/planetem.xyz\/#website","url":"https:\/\/planetem.xyz\/","name":"Mobifone","description":"","publisher":{"@id":"https:\/\/planetem.xyz\/#organization"},"potentialAction":[{"@type":"SearchAction","target":{"@type":"EntryPoint","urlTemplate":"https:\/\/planetem.xyz\/?s={search_term_string}"},"query-input":{"@type":"PropertyValueSpecification","valueRequired":true,"valueName":"search_term_string"}}],"inLanguage":"fr-CA"},{"@type":"Organization","@id":"https:\/\/planetem.xyz\/#organization","name":"Planete Mobile","url":"https:\/\/planetem.xyz\/","logo":{"@type":"ImageObject","inLanguage":"fr-CA","@id":"https:\/\/planetem.xyz\/#\/schema\/logo\/image\/","url":"","contentUrl":"","caption":"Planete Mobile"},"image":{"@id":"https:\/\/planetem.xyz\/#\/schema\/logo\/image\/"},"sameAs":["https:\/\/www.facebook.com\/planetemobile","https:\/\/www.linkedin.com\/company\/1627281"]}]}},"_links":{"self":[{"href":"https:\/\/mobifone.ca\/fr\/wp-json\/wp\/v2\/pages\/674","targetHints":{"allow":["GET"]}}],"collection":[{"href":"https:\/\/mobifone.ca\/fr\/wp-json\/wp\/v2\/pages"}],"about":[{"href":"https:\/\/mobifone.ca\/fr\/wp-json\/wp\/v2\/types\/page"}],"author":[{"embeddable":true,"href":"https:\/\/mobifone.ca\/fr\/wp-json\/wp\/v2\/users\/1"}],"replies":[{"embeddable":true,"href":"https:\/\/mobifone.ca\/fr\/wp-json\/wp\/v2\/comments?post=674"}],"version-history":[{"count":9,"href":"https:\/\/mobifone.ca\/fr\/wp-json\/wp\/v2\/pages\/674\/revisions"}],"predecessor-version":[{"id":1944,"href":"https:\/\/mobifone.ca\/fr\/wp-json\/wp\/v2\/pages\/674\/revisions\/1944"}],"wp:attachment":[{"href":"https:\/\/mobifone.ca\/fr\/wp-json\/wp\/v2\/media?parent=674"}],"curies":[{"name":"wp","href":"https:\/\/api.w.org\/{rel}","templated":true}]}}