{"id":121,"date":"2020-05-22T16:21:18","date_gmt":"2020-05-22T20:21:18","guid":{"rendered":"https:\/\/planetem.xyz\/?page_id=121"},"modified":"2022-09-08T11:38:45","modified_gmt":"2022-09-08T15:38:45","slug":"careers","status":"publish","type":"page","link":"https:\/\/mobifone.ca\/fr\/careers\/","title":{"rendered":"Carri\u00e8res"},"content":{"rendered":"<div data-elementor-type=\"wp-page\" data-elementor-id=\"121\" class=\"elementor elementor-121\">\n\t\t\t\t\t\t<section class=\"elementor-section elementor-top-section elementor-element elementor-element-b2372ef elementor-section-boxed elementor-section-height-default elementor-section-height-default\" data-id=\"b2372ef\" data-element_type=\"section\" data-e-type=\"section\">\n\t\t\t\t\t\t<div class=\"elementor-container elementor-column-gap-default\">\n\t\t\t\t\t<div class=\"elementor-column elementor-col-100 elementor-top-column elementor-element elementor-element-d7c37de\" data-id=\"d7c37de\" data-element_type=\"column\" data-e-type=\"column\">\n\t\t\t<div class=\"elementor-widget-wrap elementor-element-populated\">\n\t\t\t\t\t\t<div class=\"elementor-element elementor-element-97d892b elementor-widget elementor-widget-heading\" data-id=\"97d892b\" data-element_type=\"widget\" data-e-type=\"widget\" data-widget_type=\"heading.default\">\n\t\t\t\t<div class=\"elementor-widget-container\">\n\t\t\t\t\t<h2 class=\"elementor-heading-title elementor-size-default\">VOTRE AVENIR AUJOURD\u2019HUI!<\/h2>\t\t\t\t<\/div>\n\t\t\t\t<\/div>\n\t\t\t\t<div class=\"elementor-element elementor-element-6a878e2 elementor-widget elementor-widget-text-editor\" data-id=\"6a878e2\" data-element_type=\"widget\" data-e-type=\"widget\" data-widget_type=\"text-editor.default\">\n\t\t\t\t<div class=\"elementor-widget-container\">\n\t\t\t\t\t\t\t\t\t<p>Plan\u00e8te Mobile, le plus important concessionnaire autoris\u00e9 Rogers au Qu\u00e9bec, est \u00e0 la recherche de plusieurs candidat(e)s qualifi\u00e9(e)s. Les candidat(e)s doivent \u00eatre bilingues et poss\u00e9der des aptitudes en informatique et en pr\u00e9sentation. Un avantage sera accord\u00e9 aux candidat(e)s ayant oeuvr\u00e9 dans le domaine de solutions sans-fil. Si vous avez le coeur au ventre, \u00eates autonomes et d\u00e9sireux de travailler au sein d\u2019une \u00e9quipe dynamique, nous vous invitons \u00e0 postuler aux emplois ci-dessous.<\/p><ul><li>Directement en ligne<\/li><li>Par courriel : hr@planetem.com<\/li><li>Par Fax : 514 856-1887<\/li><\/ul>\t\t\t\t\t\t\t\t<\/div>\n\t\t\t\t<\/div>\n\t\t\t\t\t<\/div>\n\t\t<\/div>\n\t\t\t\t\t<\/div>\n\t\t<\/section>\n\t\t\t\t<section class=\"elementor-section elementor-top-section elementor-element elementor-element-e2bdcba elementor-section-boxed elementor-section-height-default elementor-section-height-default\" data-id=\"e2bdcba\" data-element_type=\"section\" data-e-type=\"section\">\n\t\t\t\t\t\t<div class=\"elementor-container elementor-column-gap-default\">\n\t\t\t\t\t<div class=\"elementor-column elementor-col-100 elementor-top-column elementor-element elementor-element-28eb4c0\" data-id=\"28eb4c0\" data-element_type=\"column\" data-e-type=\"column\">\n\t\t\t<div class=\"elementor-widget-wrap elementor-element-populated\">\n\t\t\t\t\t\t<div class=\"elementor-element elementor-element-cc4ea2a elementor-widget elementor-widget-heading\" data-id=\"cc4ea2a\" data-element_type=\"widget\" data-e-type=\"widget\" data-widget_type=\"heading.default\">\n\t\t\t\t<div class=\"elementor-widget-container\">\n\t\t\t\t\t<h2 class=\"elementor-heading-title elementor-size-default\">REPR\u00c9SENTANT(E)S , VENTES CORPORATIVES<\/h2>\t\t\t\t<\/div>\n\t\t\t\t<\/div>\n\t\t\t\t<div class=\"elementor-element elementor-element-664a0c3 elementor-widget elementor-widget-text-editor\" data-id=\"664a0c3\" data-element_type=\"widget\" data-e-type=\"widget\" data-widget_type=\"text-editor.default\">\n\t\t\t\t<div class=\"elementor-widget-container\">\n\t\t\t\t\t\t\t\t\t<p>Lieu : Montr\u00e9al<br \/>Ouvert : Postuler<br \/>Options: <a href=\"http:\/\/mobifone.ca\/fr\/apply-now\/\">Postuler<\/a><\/p><p>Description de t\u00e2ches :<\/p><ul><li>Salaire de base + commission.<\/li><li>Allocation de voiture<\/li><\/ul><p><b>Exp\u00e9rience dans la vente de solution sans fil requis<\/b><\/p>\t\t\t\t\t\t\t\t<\/div>\n\t\t\t\t<\/div>\n\t\t\t\t\t<\/div>\n\t\t<\/div>\n\t\t\t\t\t<\/div>\n\t\t<\/section>\n\t\t\t\t<section class=\"elementor-section elementor-top-section elementor-element elementor-element-2a2af3a elementor-section-boxed elementor-section-height-default elementor-section-height-default\" data-id=\"2a2af3a\" data-element_type=\"section\" data-e-type=\"section\">\n\t\t\t\t\t\t<div class=\"elementor-container elementor-column-gap-default\">\n\t\t\t\t\t<div class=\"elementor-column elementor-col-100 elementor-top-column elementor-element elementor-element-a689e80\" data-id=\"a689e80\" data-element_type=\"column\" data-e-type=\"column\">\n\t\t\t<div class=\"elementor-widget-wrap elementor-element-populated\">\n\t\t\t\t\t\t<div class=\"elementor-element elementor-element-b922297 elementor-widget elementor-widget-text-editor\" data-id=\"b922297\" data-element_type=\"widget\" data-e-type=\"widget\" data-widget_type=\"text-editor.default\">\n\t\t\t\t<div class=\"elementor-widget-container\">\n\t\t\t\t\t\t\t\t\t<h2 id=\"corp\">REPR\u00c9SENTANT(E)S, VENTES INTERNES<\/h2><p>Lieu : Montr\u00e9al\/Rive-nord et Rive-sud<br \/>Ouvert : Postuler<br \/>Options: <a href=\"http:\/\/planetem.com\/apply-now\">Postuler<\/a><\/p><p>Description de t\u00e2ches :<\/p><ul><li>Salaire comp\u00e9titif<\/li><li>Commissions et boni sur objectifs<\/li><li>Assurance de groupe et m\u00e9dicale<\/li><\/ul>\t\t\t\t\t\t\t\t<\/div>\n\t\t\t\t<\/div>\n\t\t\t\t\t<\/div>\n\t\t<\/div>\n\t\t\t\t\t<\/div>\n\t\t<\/section>\n\t\t\t\t<\/div>","protected":false},"excerpt":{"rendered":"<p>YOUR FUTURE TODAY! Plan\u00e8te Mobile, the largest Rogers authorized Dealer in Quebec is currently looking for qualified candidates. If you are a self-starting individual looking&hellip;<\/p>","protected":false},"author":1,"featured_media":0,"parent":0,"menu_order":0,"comment_status":"closed","ping_status":"closed","template":"","meta":{"footnotes":""},"class_list":["post-121","page","type-page","status-publish","hentry"],"yoast_head":"<!-- This site is optimized with the Yoast SEO plugin v27.4 - https:\/\/yoast.com\/product\/yoast-seo-wordpress\/ -->\n<title>Career - Mobifone<\/title>\n<meta name=\"robots\" content=\"index, follow, max-snippet:-1, max-image-preview:large, max-video-preview:-1\" \/>\n<link rel=\"canonical\" href=\"https:\/\/mobifone.ca\/fr\/careers\/\" \/>\n<meta property=\"og:locale\" content=\"fr_CA\" \/>\n<meta property=\"og:type\" content=\"article\" \/>\n<meta property=\"og:title\" content=\"Career - Mobifone\" \/>\n<meta property=\"og:description\" content=\"YOUR FUTURE TODAY! Plan\u00e8te Mobile, the largest Rogers authorized Dealer in Quebec is currently looking for qualified candidates. If you are a self-starting individual looking&hellip;\" \/>\n<meta property=\"og:url\" content=\"https:\/\/mobifone.ca\/fr\/careers\/\" \/>\n<meta property=\"og:site_name\" content=\"Mobifone\" \/>\n<meta property=\"article:publisher\" content=\"https:\/\/www.facebook.com\/planetemobile\" \/>\n<meta property=\"article:modified_time\" content=\"2022-09-08T15:38:45+00:00\" \/>\n<meta name=\"twitter:card\" content=\"summary_large_image\" \/>\n<meta name=\"twitter:label1\" content=\"Estimation du temps de lecture\" \/>\n\t<meta name=\"twitter:data1\" content=\"1 minute\" \/>\n<script type=\"application\/ld+json\" class=\"yoast-schema-graph\">{\"@context\":\"https:\\\/\\\/schema.org\",\"@graph\":[{\"@type\":\"WebPage\",\"@id\":\"https:\\\/\\\/mobifone.ca\\\/careers\\\/\",\"url\":\"https:\\\/\\\/mobifone.ca\\\/careers\\\/\",\"name\":\"Career - Mobifone\",\"isPartOf\":{\"@id\":\"https:\\\/\\\/planetem.xyz\\\/#website\"},\"datePublished\":\"2020-05-22T20:21:18+00:00\",\"dateModified\":\"2022-09-08T15:38:45+00:00\",\"breadcrumb\":{\"@id\":\"https:\\\/\\\/mobifone.ca\\\/careers\\\/#breadcrumb\"},\"inLanguage\":\"fr-CA\",\"potentialAction\":[{\"@type\":\"ReadAction\",\"target\":[\"https:\\\/\\\/mobifone.ca\\\/careers\\\/\"]}]},{\"@type\":\"BreadcrumbList\",\"@id\":\"https:\\\/\\\/mobifone.ca\\\/careers\\\/#breadcrumb\",\"itemListElement\":[{\"@type\":\"ListItem\",\"position\":1,\"name\":\"Home\",\"item\":\"https:\\\/\\\/planetem.xyz\\\/\"},{\"@type\":\"ListItem\",\"position\":2,\"name\":\"Career\"}]},{\"@type\":\"WebSite\",\"@id\":\"https:\\\/\\\/planetem.xyz\\\/#website\",\"url\":\"https:\\\/\\\/planetem.xyz\\\/\",\"name\":\"Mobifone\",\"description\":\"\",\"publisher\":{\"@id\":\"https:\\\/\\\/planetem.xyz\\\/#organization\"},\"potentialAction\":[{\"@type\":\"SearchAction\",\"target\":{\"@type\":\"EntryPoint\",\"urlTemplate\":\"https:\\\/\\\/planetem.xyz\\\/?s={search_term_string}\"},\"query-input\":{\"@type\":\"PropertyValueSpecification\",\"valueRequired\":true,\"valueName\":\"search_term_string\"}}],\"inLanguage\":\"fr-CA\"},{\"@type\":\"Organization\",\"@id\":\"https:\\\/\\\/planetem.xyz\\\/#organization\",\"name\":\"Planete Mobile\",\"url\":\"https:\\\/\\\/planetem.xyz\\\/\",\"logo\":{\"@type\":\"ImageObject\",\"inLanguage\":\"fr-CA\",\"@id\":\"https:\\\/\\\/planetem.xyz\\\/#\\\/schema\\\/logo\\\/image\\\/\",\"url\":\"\",\"contentUrl\":\"\",\"caption\":\"Planete Mobile\"},\"image\":{\"@id\":\"https:\\\/\\\/planetem.xyz\\\/#\\\/schema\\\/logo\\\/image\\\/\"},\"sameAs\":[\"https:\\\/\\\/www.facebook.com\\\/planetemobile\",\"https:\\\/\\\/www.linkedin.com\\\/company\\\/1627281\"]}]}<\/script>\n<!-- \/ Yoast SEO plugin. -->","yoast_head_json":{"title":"Career - Mobifone","robots":{"index":"index","follow":"follow","max-snippet":"max-snippet:-1","max-image-preview":"max-image-preview:large","max-video-preview":"max-video-preview:-1"},"canonical":"https:\/\/mobifone.ca\/fr\/careers\/","og_locale":"fr_CA","og_type":"article","og_title":"Career - Mobifone","og_description":"YOUR FUTURE TODAY! Plan\u00e8te Mobile, the largest Rogers authorized Dealer in Quebec is currently looking for qualified candidates. If you are a self-starting individual looking&hellip;","og_url":"https:\/\/mobifone.ca\/fr\/careers\/","og_site_name":"Mobifone","article_publisher":"https:\/\/www.facebook.com\/planetemobile","article_modified_time":"2022-09-08T15:38:45+00:00","twitter_card":"summary_large_image","twitter_misc":{"Estimation du temps de lecture":"1 minute"},"schema":{"@context":"https:\/\/schema.org","@graph":[{"@type":"WebPage","@id":"https:\/\/mobifone.ca\/careers\/","url":"https:\/\/mobifone.ca\/careers\/","name":"Career - Mobifone","isPartOf":{"@id":"https:\/\/planetem.xyz\/#website"},"datePublished":"2020-05-22T20:21:18+00:00","dateModified":"2022-09-08T15:38:45+00:00","breadcrumb":{"@id":"https:\/\/mobifone.ca\/careers\/#breadcrumb"},"inLanguage":"fr-CA","potentialAction":[{"@type":"ReadAction","target":["https:\/\/mobifone.ca\/careers\/"]}]},{"@type":"BreadcrumbList","@id":"https:\/\/mobifone.ca\/careers\/#breadcrumb","itemListElement":[{"@type":"ListItem","position":1,"name":"Home","item":"https:\/\/planetem.xyz\/"},{"@type":"ListItem","position":2,"name":"Career"}]},{"@type":"WebSite","@id":"https:\/\/planetem.xyz\/#website","url":"https:\/\/planetem.xyz\/","name":"Mobifone","description":"","publisher":{"@id":"https:\/\/planetem.xyz\/#organization"},"potentialAction":[{"@type":"SearchAction","target":{"@type":"EntryPoint","urlTemplate":"https:\/\/planetem.xyz\/?s={search_term_string}"},"query-input":{"@type":"PropertyValueSpecification","valueRequired":true,"valueName":"search_term_string"}}],"inLanguage":"fr-CA"},{"@type":"Organization","@id":"https:\/\/planetem.xyz\/#organization","name":"Planete Mobile","url":"https:\/\/planetem.xyz\/","logo":{"@type":"ImageObject","inLanguage":"fr-CA","@id":"https:\/\/planetem.xyz\/#\/schema\/logo\/image\/","url":"","contentUrl":"","caption":"Planete Mobile"},"image":{"@id":"https:\/\/planetem.xyz\/#\/schema\/logo\/image\/"},"sameAs":["https:\/\/www.facebook.com\/planetemobile","https:\/\/www.linkedin.com\/company\/1627281"]}]}},"_links":{"self":[{"href":"https:\/\/mobifone.ca\/fr\/wp-json\/wp\/v2\/pages\/121","targetHints":{"allow":["GET"]}}],"collection":[{"href":"https:\/\/mobifone.ca\/fr\/wp-json\/wp\/v2\/pages"}],"about":[{"href":"https:\/\/mobifone.ca\/fr\/wp-json\/wp\/v2\/types\/page"}],"author":[{"embeddable":true,"href":"https:\/\/mobifone.ca\/fr\/wp-json\/wp\/v2\/users\/1"}],"replies":[{"embeddable":true,"href":"https:\/\/mobifone.ca\/fr\/wp-json\/wp\/v2\/comments?post=121"}],"version-history":[{"count":19,"href":"https:\/\/mobifone.ca\/fr\/wp-json\/wp\/v2\/pages\/121\/revisions"}],"predecessor-version":[{"id":2113,"href":"https:\/\/mobifone.ca\/fr\/wp-json\/wp\/v2\/pages\/121\/revisions\/2113"}],"wp:attachment":[{"href":"https:\/\/mobifone.ca\/fr\/wp-json\/wp\/v2\/media?parent=121"}],"curies":[{"name":"wp","href":"https:\/\/api.w.org\/{rel}","templated":true}]}}